{"id":741,"date":"2026-03-26T16:08:44","date_gmt":"2026-03-26T15:08:44","guid":{"rendered":"https:\/\/www.nextbike.be\/vlaamserand\/?page_id=741"},"modified":"2026-03-26T16:12:57","modified_gmt":"2026-03-26T15:12:57","slug":"declaration-daccessibilite","status":"publish","type":"page","link":"https:\/\/www.nextbike.be\/vlaamserand\/fr\/declaration-daccessibilite\/","title":{"rendered":"D\u00e9claration d&rsquo;accessibilit\u00e9"},"content":{"rendered":"<div class=\"wpb-content-wrapper\"><p>[vc_row][vc_column][vc_column_text css=\u00a0\u00bb\u00a0\u00bb]<\/p>\n<h1>D\u00e9claration d&rsquo;accessibilit\u00e9<\/h1>\n<h2>Engagement en faveur de l&rsquo;accessibilit\u00e9<\/h2>\n<p>Nous nous engageons \u00e0 rendre notre site web accessible \u00e0 tous les utilisateurs, quelles que soient leurs capacit\u00e9s ou les technologies utilis\u00e9es. Nous travaillons sans rel\u00e2che \u00e0 l&rsquo;am\u00e9lioration de la convivialit\u00e9 et de l&rsquo;accessibilit\u00e9 de nos services num\u00e9riques.<\/p>\n<h2>\u00c9tat de conformit\u00e9<\/h2>\n<p>Ce site web vise \u00e0 se conformer aux exigences des <b>Directives pour l&rsquo;accessibilit\u00e9 des contenus web (WCAG) 2.1, niveau AA<\/b>, ainsi qu&rsquo;aux r\u00e9glementations nationales applicables en mati\u00e8re d&rsquo;accessibilit\u00e9.<\/p>\n<p>Nous nous effor\u00e7ons de garantir que notre contenu soit :<\/p>\n<ul>\n<li>Perceptible<\/li>\n<li>Utilisable<\/li>\n<li>Compr\u00e9hensible<\/li>\n<li>Robuste<\/li>\n<\/ul>\n<h2>Mesures visant \u00e0 favoriser l&rsquo;accessibilit\u00e9<\/h2>\n<p>Nous prenons les mesures suivantes pour garantir l&rsquo;accessibilit\u00e9 :<\/p>\n<ul>\n<li>R\u00e9vision et am\u00e9lioration continues de notre site web<\/li>\n<li>Utilisation de normes de conception et de d\u00e9veloppement accessibles<\/li>\n<li>Tests r\u00e9guliers \u00e0 l&rsquo;aide de technologies d&rsquo;assistance<\/li>\n<\/ul>\n<h2>Contenu non accessible<\/h2>\n<p>Bien que nous visions une accessibilit\u00e9 totale, certaines parties de ce site web peuvent ne pas encore \u00eatre enti\u00e8rement accessibles. Nous travaillons activement \u00e0 la r\u00e9solution de ces probl\u00e8mes.<\/p>\n<p>Les contenus suivants ne sont actuellement pas enti\u00e8rement accessibles :<\/p>\n<p><strong>\u00c9l\u00e9ment de conception \u00ab bulles \u00bb<br \/>\n<\/strong>Raison : les bulles bleu clair ne r\u00e9pondent pas aux exigences de contraste<br \/>\nCorrection pr\u00e9vue : aucune. Ces \u00e9l\u00e9ments n\u2019affectent pas la lisibilit\u00e9 du site web<\/p>\n<p><strong>Textes alternatifs manquants pour les images<br \/>\n<\/strong>Raison : non requis lors du lancement du site web<br \/>\nCorrection pr\u00e9vue : 2026<\/p>\n<h2>Commentaires et contact<\/h2>\n<p>Si vous rencontrez des obstacles \u00e0 l&rsquo;accessibilit\u00e9 ou si vous avez des suggestions d&rsquo;am\u00e9lioration, veuillez nous contacter :<\/p>\n<p>E-mail : <a href=\"mailto:contact@nextbike.be\">contact@nextbike.be<\/a><\/p>\n<p>Nous r\u00e9pondrons \u00e0 votre demande dans les plus brefs d\u00e9lais.<\/p>\n<h2>Date de la d\u00e9claration<\/h2>\n<p>Cette d\u00e9claration a \u00e9t\u00e9 mise \u00e0 jour pour la derni\u00e8re fois le : 26 mars 2026[\/vc_column_text][\/vc_column][\/vc_row]<\/p>\n<\/div>","protected":false},"excerpt":{"rendered":"<p>[vc_row][vc_column][vc_column_text css=\u00a0\u00bb\u00a0\u00bb] D\u00e9claration d&rsquo;accessibilit\u00e9 Engagement en faveur de l&rsquo;accessibilit\u00e9 Nous nous engageons \u00e0 rendre notre site web accessible \u00e0 tous les utilisateurs, quelles que soient leurs capacit\u00e9s ou les technologies utilis\u00e9es. Nous travaillons sans rel\u00e2che \u00e0 l&rsquo;am\u00e9lioration de la convivialit\u00e9 et de l&rsquo;accessibilit\u00e9 de nos services num\u00e9riques. \u00c9tat de conformit\u00e9 Ce site web vise \u00e0 [&hellip;]<\/p>\n","protected":false},"author":13,"featured_media":0,"parent":0,"menu_order":0,"comment_status":"closed","ping_status":"closed","template":"page-bubble.php","meta":{"_acf_changed":false,"inline_featured_image":false,"footnotes":""},"class_list":["post-741","page","type-page","status-publish","hentry"],"acf":[],"yoast_head":"<!-- This site is optimized with the Yoast SEO plugin v27.2 - https:\/\/yoast.com\/product\/yoast-seo-wordpress\/ -->\n<title>D\u00e9claration d&#039;accessibilit\u00e9 - nextbike Vlaamserand<\/title>\n<meta name=\"description\" content=\"Nous nous engageons \u00e0 rendre notre site web accessible \u00e0 tous les utilisateurs, quelles que soient leurs capacit\u00e9s ou les technologies utilis\u00e9es.\" \/>\n<meta name=\"robots\" content=\"index, follow, max-snippet:-1, max-image-preview:large, max-video-preview:-1\" \/>\n<link rel=\"canonical\" href=\"https:\/\/www.nextbike.be\/vlaamserand\/fr\/declaration-daccessibilite\/\" \/>\n<meta property=\"og:locale\" content=\"fr_FR\" \/>\n<meta property=\"og:type\" content=\"article\" \/>\n<meta property=\"og:title\" content=\"D\u00e9claration d&#039;accessibilit\u00e9 - nextbike Vlaamserand\" \/>\n<meta property=\"og:description\" content=\"Nous nous engageons \u00e0 rendre notre site web accessible \u00e0 tous les utilisateurs, quelles que soient leurs capacit\u00e9s ou les technologies utilis\u00e9es.\" \/>\n<meta property=\"og:url\" content=\"https:\/\/www.nextbike.be\/vlaamserand\/fr\/declaration-daccessibilite\/\" \/>\n<meta property=\"og:site_name\" content=\"nextbike Vlaamserand\" \/>\n<meta property=\"article:modified_time\" content=\"2026-03-26T15:12:57+00:00\" \/>\n<meta name=\"twitter:card\" content=\"summary_large_image\" \/>\n<meta name=\"twitter:label1\" content=\"Dur\u00e9e de lecture estim\u00e9e\" \/>\n\t<meta name=\"twitter:data1\" content=\"1 minute\" \/>\n<script type=\"application\/ld+json\" class=\"yoast-schema-graph\">{\"@context\":\"https:\/\/schema.org\",\"@graph\":[{\"@type\":\"WebPage\",\"@id\":\"https:\/\/www.nextbike.be\/vlaamserand\/fr\/declaration-daccessibilite\/\",\"url\":\"https:\/\/www.nextbike.be\/vlaamserand\/fr\/declaration-daccessibilite\/\",\"name\":\"D\u00e9claration d'accessibilit\u00e9 - nextbike Vlaamserand\",\"isPartOf\":{\"@id\":\"https:\/\/www.nextbike.be\/vlaamserand\/fr\/#website\"},\"datePublished\":\"2026-03-26T15:08:44+00:00\",\"dateModified\":\"2026-03-26T15:12:57+00:00\",\"description\":\"Nous nous engageons \u00e0 rendre notre site web accessible \u00e0 tous les utilisateurs, quelles que soient leurs capacit\u00e9s ou les technologies utilis\u00e9es.\",\"breadcrumb\":{\"@id\":\"https:\/\/www.nextbike.be\/vlaamserand\/fr\/declaration-daccessibilite\/#breadcrumb\"},\"inLanguage\":\"fr-FR\",\"potentialAction\":[{\"@type\":\"ReadAction\",\"target\":[\"https:\/\/www.nextbike.be\/vlaamserand\/fr\/declaration-daccessibilite\/\"]}]},{\"@type\":\"BreadcrumbList\",\"@id\":\"https:\/\/www.nextbike.be\/vlaamserand\/fr\/declaration-daccessibilite\/#breadcrumb\",\"itemListElement\":[{\"@type\":\"ListItem\",\"position\":1,\"name\":\"Startseite\",\"item\":\"https:\/\/www.nextbike.be\/vlaamserand\/fr\/\"},{\"@type\":\"ListItem\",\"position\":2,\"name\":\"D\u00e9claration d&#8217;accessibilit\u00e9\"}]},{\"@type\":\"WebSite\",\"@id\":\"https:\/\/www.nextbike.be\/vlaamserand\/fr\/#website\",\"url\":\"https:\/\/www.nextbike.be\/vlaamserand\/fr\/\",\"name\":\"nextbike Vlaamserand\",\"description\":\"Bike Sharing by nextbike\",\"potentialAction\":[{\"@type\":\"SearchAction\",\"target\":{\"@type\":\"EntryPoint\",\"urlTemplate\":\"https:\/\/www.nextbike.be\/vlaamserand\/fr\/?s={search_term_string}\"},\"query-input\":{\"@type\":\"PropertyValueSpecification\",\"valueRequired\":true,\"valueName\":\"search_term_string\"}}],\"inLanguage\":\"fr-FR\"}]}<\/script>\n<!-- \/ Yoast SEO plugin. -->","yoast_head_json":{"title":"D\u00e9claration d'accessibilit\u00e9 - nextbike Vlaamserand","description":"Nous nous engageons \u00e0 rendre notre site web accessible \u00e0 tous les utilisateurs, quelles que soient leurs capacit\u00e9s ou les technologies utilis\u00e9es.","robots":{"index":"index","follow":"follow","max-snippet":"max-snippet:-1","max-image-preview":"max-image-preview:large","max-video-preview":"max-video-preview:-1"},"canonical":"https:\/\/www.nextbike.be\/vlaamserand\/fr\/declaration-daccessibilite\/","og_locale":"fr_FR","og_type":"article","og_title":"D\u00e9claration d'accessibilit\u00e9 - nextbike Vlaamserand","og_description":"Nous nous engageons \u00e0 rendre notre site web accessible \u00e0 tous les utilisateurs, quelles que soient leurs capacit\u00e9s ou les technologies utilis\u00e9es.","og_url":"https:\/\/www.nextbike.be\/vlaamserand\/fr\/declaration-daccessibilite\/","og_site_name":"nextbike Vlaamserand","article_modified_time":"2026-03-26T15:12:57+00:00","twitter_card":"summary_large_image","twitter_misc":{"Dur\u00e9e de lecture estim\u00e9e":"1 minute"},"schema":{"@context":"https:\/\/schema.org","@graph":[{"@type":"WebPage","@id":"https:\/\/www.nextbike.be\/vlaamserand\/fr\/declaration-daccessibilite\/","url":"https:\/\/www.nextbike.be\/vlaamserand\/fr\/declaration-daccessibilite\/","name":"D\u00e9claration d'accessibilit\u00e9 - nextbike Vlaamserand","isPartOf":{"@id":"https:\/\/www.nextbike.be\/vlaamserand\/fr\/#website"},"datePublished":"2026-03-26T15:08:44+00:00","dateModified":"2026-03-26T15:12:57+00:00","description":"Nous nous engageons \u00e0 rendre notre site web accessible \u00e0 tous les utilisateurs, quelles que soient leurs capacit\u00e9s ou les technologies utilis\u00e9es.","breadcrumb":{"@id":"https:\/\/www.nextbike.be\/vlaamserand\/fr\/declaration-daccessibilite\/#breadcrumb"},"inLanguage":"fr-FR","potentialAction":[{"@type":"ReadAction","target":["https:\/\/www.nextbike.be\/vlaamserand\/fr\/declaration-daccessibilite\/"]}]},{"@type":"BreadcrumbList","@id":"https:\/\/www.nextbike.be\/vlaamserand\/fr\/declaration-daccessibilite\/#breadcrumb","itemListElement":[{"@type":"ListItem","position":1,"name":"Startseite","item":"https:\/\/www.nextbike.be\/vlaamserand\/fr\/"},{"@type":"ListItem","position":2,"name":"D\u00e9claration d&#8217;accessibilit\u00e9"}]},{"@type":"WebSite","@id":"https:\/\/www.nextbike.be\/vlaamserand\/fr\/#website","url":"https:\/\/www.nextbike.be\/vlaamserand\/fr\/","name":"nextbike Vlaamserand","description":"Bike Sharing by nextbike","potentialAction":[{"@type":"SearchAction","target":{"@type":"EntryPoint","urlTemplate":"https:\/\/www.nextbike.be\/vlaamserand\/fr\/?s={search_term_string}"},"query-input":{"@type":"PropertyValueSpecification","valueRequired":true,"valueName":"search_term_string"}}],"inLanguage":"fr-FR"}]}},"_links":{"self":[{"href":"https:\/\/www.nextbike.be\/vlaamserand\/fr\/wp-json\/wp\/v2\/pages\/741","targetHints":{"allow":["GET"]}}],"collection":[{"href":"https:\/\/www.nextbike.be\/vlaamserand\/fr\/wp-json\/wp\/v2\/pages"}],"about":[{"href":"https:\/\/www.nextbike.be\/vlaamserand\/fr\/wp-json\/wp\/v2\/types\/page"}],"author":[{"embeddable":true,"href":"https:\/\/www.nextbike.be\/vlaamserand\/fr\/wp-json\/wp\/v2\/users\/13"}],"replies":[{"embeddable":true,"href":"https:\/\/www.nextbike.be\/vlaamserand\/fr\/wp-json\/wp\/v2\/comments?post=741"}],"version-history":[{"count":3,"href":"https:\/\/www.nextbike.be\/vlaamserand\/fr\/wp-json\/wp\/v2\/pages\/741\/revisions"}],"predecessor-version":[{"id":747,"href":"https:\/\/www.nextbike.be\/vlaamserand\/fr\/wp-json\/wp\/v2\/pages\/741\/revisions\/747"}],"wp:attachment":[{"href":"https:\/\/www.nextbike.be\/vlaamserand\/fr\/wp-json\/wp\/v2\/media?parent=741"}],"curies":[{"name":"wp","href":"https:\/\/api.w.org\/{rel}","templated":true}]}}