{"id":711,"date":"2026-02-06T13:27:45","date_gmt":"2026-02-06T12:27:45","guid":{"rendered":"https:\/\/www.nextbike.be\/vlaamserand\/b2b\/"},"modified":"2026-03-13T10:44:47","modified_gmt":"2026-03-13T09:44:47","slug":"b2b","status":"publish","type":"page","link":"https:\/\/www.nextbike.be\/vlaamserand\/fr\/b2b\/","title":{"rendered":"BusinessBike"},"content":{"rendered":"<div class=\"wpb-content-wrapper\"><p>[vc_row ppi_row_padding=\u00a0\u00bbppi_remove_padding_bottom\u00a0\u00bb content_placement=\u00a0\u00bbmiddle\u00a0\u00bb][vc_column width=\u00a0\u00bb1\/2&Prime;][vc_single_image image=\u00a0\u00bb660&Prime; img_size=\u00a0\u00bblarge\u00a0\u00bb alignment=\u00a0\u00bbcenter\u00a0\u00bb css=\u00a0\u00bb\u00a0\u00bb][\/vc_column][vc_column width=\u00a0\u00bb1\/2&Prime;][vc_custom_heading text=\u00a0\u00bbOpportunit\u00e9s B2B chez nextbike P\u00e9riph\u00e9rie flamande\u00a0\u00bb font_container=\u00a0\u00bbtag:h1|font_size:50px|text_align:center|color:%23000000&Prime; use_theme_fonts=\u00a0\u00bbyes\u00a0\u00bb css=\u00a0\u00bb\u00a0\u00bb][vc_empty_space][vc_column_text css=\u00a0\u00bb\u00a0\u00bb]<\/p>\n<p style=\"text-align: center\">Pour personnaliser vos solutions B2B, veuillez contacter Joeri de Visser \u00e0 l&rsquo;adresse <strong>joeri.devisser@nextbike.com.<\/strong><\/p>\n<p>[\/vc_column_text][\/vc_column][\/vc_row][vc_row][vc_column width=\u00a0\u00bb1\/2&Prime;][vc_icon icon_fontawesome=\u00a0\u00bbfa fa-solid fa-building-user\u00a0\u00bb color=\u00a0\u00bbcustom\u00a0\u00bb align=\u00a0\u00bbcenter\u00a0\u00bb css=\u00a0\u00bb\u00a0\u00bb custom_color=\u00a0\u00bb#0021C7&Prime;][vc_custom_heading text=\u00a0\u00bbBusinessBIKE\u00a0\u00bb font_container=\u00a0\u00bbtag:h2|text_align:center|color:%230021C7&Prime; use_theme_fonts=\u00a0\u00bbyes\u00a0\u00bb css=\u00a0\u00bb\u00a0\u00bb][vc_column_text css=\u00a0\u00bb\u00a0\u00bb]<\/p>\n<p style=\"text-align: center\" data-start=\"65\" data-end=\"269\"><strong data-start=\"65\" data-end=\"121\">Donnez \u00e0 vos employ\u00e9s la libert\u00e9 de se d\u00e9placer<\/strong><\/p>\n<p data-start=\"65\" data-end=\"269\"><br data-start=\"121\" data-end=\"124\" \/>BUSINESSBike offre aux entreprises de la P\u00e9riph\u00e9rie flamande un acc\u00e8s facile et abordable \u00e0 tous les services de v\u00e9los en libre-service de nextbike.<\/p>\n<p data-start=\"271\" data-end=\"306\"><strong data-start=\"271\" data-end=\"304\">Pourquoi choisir BUSINESSBike ?<\/strong><\/p>\n<ul data-start=\"307\" data-end=\"903\">\n<li data-start=\"307\" data-end=\"480\">\n<p data-start=\"309\" data-end=\"480\"><strong data-start=\"309\" data-end=\"345\">Connectivit\u00e9 fluide :<\/strong> La solution parfaite du \u00ab\u00a0dernier kilom\u00e8tre\u00a0\u00bb, compl\u00e9tant les trajets en train ou en bus et rendant votre bureau plus accessible.<\/p>\n<\/li>\n<li data-start=\"481\" data-end=\"641\">\n<p data-start=\"483\" data-end=\"641\"><strong>Flexible et \u00e9volutif :<\/strong> Une solution de mobilit\u00e9 adapt\u00e9e \u00e0 vos besoins, que ce soit pour les trajets quotidiens ou les d\u00e9placements professionnels occasionnels.<\/p>\n<\/li>\n<li data-start=\"642\" data-end=\"762\">\n<p data-start=\"644\" data-end=\"762\"><strong data-start=\"644\" data-end=\"668\">Facilit\u00e9 op\u00e9rationnelle :<\/strong> \u00c9liminez la gestion des re\u00e7us individuels gr\u00e2ce \u00e0 une facture collective unique pour l&rsquo;entreprise.<\/p>\n<\/li>\n<li data-start=\"763\" data-end=\"903\">\n<p data-start=\"765\" data-end=\"903\"><strong data-start=\"765\" data-end=\"789\">Allez plus loin :<\/strong> Possibilit\u00e9 d&rsquo;investir dans une station d&rsquo;accueil d\u00e9di\u00e9e et des v\u00e9los suppl\u00e9mentaires directement sur le site de votre entreprise.<\/p>\n<\/li>\n<\/ul>\n<p>[\/vc_column_text][\/vc_column][vc_column width=\u00a0\u00bb1\/2&Prime;][vc_icon icon_fontawesome=\u00a0\u00bbfa fa-solid fa-user-graduate\u00a0\u00bb color=\u00a0\u00bbcustom\u00a0\u00bb align=\u00a0\u00bbcenter\u00a0\u00bb css=\u00a0\u00bb\u00a0\u00bb custom_color=\u00a0\u00bb#0021C7&Prime;][vc_custom_heading text=\u00a0\u00bbCampusBIKE\u00a0\u00bb font_container=\u00a0\u00bbtag:h2|text_align:center|color:%230021C7&Prime; use_theme_fonts=\u00a0\u00bbyes\u00a0\u00bb css=\u00a0\u00bb\u00a0\u00bb][vc_column_text css=\u00a0\u00bb\u00a0\u00bb]<\/p>\n<p style=\"text-align: center\" data-start=\"114\" data-end=\"369\"><strong data-start=\"114\" data-end=\"183\">Boostez la mobilit\u00e9 universitaire avec libert\u00e9 et durabilit\u00e9<\/strong><\/p>\n<p data-start=\"114\" data-end=\"369\"><br data-start=\"183\" data-end=\"186\" \/>CampusBIKE offre aux campus universitaires de la P\u00e9riph\u00e9rie flamande un acc\u00e8s simple et abordable \u00e0 un service de v\u00e9los en libre-service con\u00e7u sp\u00e9cifiquement pour les \u00e9tudiants, les professeurs et le personnel universitaire.<\/p>\n<p data-start=\"371\" data-end=\"401\"><strong data-start=\"371\" data-end=\"399\">Pourquoi choisir CampusBIKE ?<\/strong><\/p>\n<ul data-start=\"402\" data-end=\"1039\">\n<li data-start=\"402\" data-end=\"595\">\n<p data-start=\"404\" data-end=\"595\"><strong data-start=\"404\" data-end=\"440\">Connectivit\u00e9 fluide :<\/strong> La solution id\u00e9ale du \u00ab\u00a0dernier kilom\u00e8tre\u00a0\u00bb, facilitant les d\u00e9placements entre les arr\u00eats de bus, les gares et les diff\u00e9rents b\u00e2timents du campus.<\/p>\n<\/li>\n<li data-start=\"596\" data-end=\"764\">\n<p data-start=\"598\" data-end=\"764\"><strong data-start=\"598\" data-end=\"623\">Flexible et adaptable :<\/strong> Une solution de mobilit\u00e9 adapt\u00e9e \u00e0 la vie universitaire, convenant aussi bien aux trajets quotidiens qu&rsquo;aux d\u00e9placements occasionnels entre les d\u00e9partements.<\/p>\n<\/li>\n<li data-start=\"765\" data-end=\"912\">\n<p data-start=\"767\" data-end=\"912\"><strong data-start=\"767\" data-end=\"788\">Gestion simplifi\u00e9e :<\/strong> Un syst\u00e8me centralis\u00e9 qui simplifie l&rsquo;administration pour l&rsquo;universit\u00e9 et garantit un acc\u00e8s facile \u00e0 toute la communaut\u00e9 acad\u00e9mique.<\/p>\n<\/li>\n<li data-start=\"913\" data-end=\"1039\">\n<p data-start=\"915\" data-end=\"1039\"><strong data-start=\"915\" data-end=\"939\">Allez plus loin :<\/strong> Des options sont disponibles pour installer des stations d&rsquo;accueil d\u00e9di\u00e9es et \u00e9tendre la flotte directement sur le campus.<\/p>\n<\/li>\n<\/ul>\n<p>[\/vc_column_text][\/vc_column][\/vc_row]<\/p>\n<\/div>","protected":false},"excerpt":{"rendered":"<p>[vc_row ppi_row_padding=\u00a0\u00bbppi_remove_padding_bottom\u00a0\u00bb content_placement=\u00a0\u00bbmiddle\u00a0\u00bb][vc_column width=\u00a0\u00bb1\/2&Prime;][vc_single_image image=\u00a0\u00bb660&Prime; img_size=\u00a0\u00bblarge\u00a0\u00bb alignment=\u00a0\u00bbcenter\u00a0\u00bb css=\u00a0\u00bb\u00a0\u00bb][\/vc_column][vc_column width=\u00a0\u00bb1\/2&Prime;][vc_custom_heading text=\u00a0\u00bbOpportunit\u00e9s B2B chez nextbike P\u00e9riph\u00e9rie flamande\u00a0\u00bb font_container=\u00a0\u00bbtag:h1|font_size:50px|text_align:center|color:%23000000&Prime; use_theme_fonts=\u00a0\u00bbyes\u00a0\u00bb css=\u00a0\u00bb\u00a0\u00bb][vc_empty_space][vc_column_text css=\u00a0\u00bb\u00a0\u00bb] Pour personnaliser vos solutions B2B, veuillez contacter Joeri de Visser \u00e0 l&rsquo;adresse joeri.devisser@nextbike.com. [\/vc_column_text][\/vc_column][\/vc_row][vc_row][vc_column width=\u00a0\u00bb1\/2&Prime;][vc_icon icon_fontawesome=\u00a0\u00bbfa fa-solid fa-building-user\u00a0\u00bb color=\u00a0\u00bbcustom\u00a0\u00bb align=\u00a0\u00bbcenter\u00a0\u00bb css=\u00a0\u00bb\u00a0\u00bb custom_color=\u00a0\u00bb#0021C7&Prime;][vc_custom_heading text=\u00a0\u00bbBusinessBIKE\u00a0\u00bb font_container=\u00a0\u00bbtag:h2|text_align:center|color:%230021C7&Prime; use_theme_fonts=\u00a0\u00bbyes\u00a0\u00bb css=\u00a0\u00bb\u00a0\u00bb][vc_column_text css=\u00a0\u00bb\u00a0\u00bb] Donnez \u00e0 vos employ\u00e9s la libert\u00e9 de se d\u00e9placer [&hellip;]<\/p>\n","protected":false},"author":54,"featured_media":0,"parent":0,"menu_order":0,"comment_status":"closed","ping_status":"closed","template":"","meta":{"_acf_changed":false,"inline_featured_image":false,"footnotes":""},"class_list":["post-711","page","type-page","status-publish","hentry"],"acf":[],"yoast_head":"<!-- This site is optimized with the Yoast SEO plugin v27.2 - https:\/\/yoast.com\/product\/yoast-seo-wordpress\/ -->\n<title>BusinessBike - nextbike Vlaamserand<\/title>\n<meta name=\"robots\" content=\"index, follow, max-snippet:-1, max-image-preview:large, max-video-preview:-1\" \/>\n<link rel=\"canonical\" href=\"https:\/\/www.nextbike.be\/vlaamserand\/fr\/b2b\/\" \/>\n<meta property=\"og:locale\" content=\"fr_FR\" \/>\n<meta property=\"og:type\" content=\"article\" \/>\n<meta property=\"og:title\" content=\"BusinessBike - nextbike Vlaamserand\" \/>\n<meta property=\"og:description\" content=\"[vc_row ppi_row_padding=\u00a0\u00bbppi_remove_padding_bottom\u00a0\u00bb content_placement=\u00a0\u00bbmiddle\u00a0\u00bb][vc_column width=\u00a0\u00bb1\/2&Prime;][vc_single_image image=\u00a0\u00bb660&Prime; img_size=\u00a0\u00bblarge\u00a0\u00bb alignment=\u00a0\u00bbcenter\u00a0\u00bb css=\u00a0\u00bb\u00a0\u00bb][\/vc_column][vc_column width=\u00a0\u00bb1\/2&Prime;][vc_custom_heading text=\u00a0\u00bbOpportunit\u00e9s B2B chez nextbike P\u00e9riph\u00e9rie flamande\u00a0\u00bb font_container=\u00a0\u00bbtag:h1|font_size:50px|text_align:center|color:%23000000&Prime; use_theme_fonts=\u00a0\u00bbyes\u00a0\u00bb css=\u00a0\u00bb\u00a0\u00bb][vc_empty_space][vc_column_text css=\u00a0\u00bb\u00a0\u00bb] Pour personnaliser vos solutions B2B, veuillez contacter Joeri de Visser \u00e0 l&rsquo;adresse joeri.devisser@nextbike.com. [\/vc_column_text][\/vc_column][\/vc_row][vc_row][vc_column width=\u00a0\u00bb1\/2&Prime;][vc_icon icon_fontawesome=\u00a0\u00bbfa fa-solid fa-building-user\u00a0\u00bb color=\u00a0\u00bbcustom\u00a0\u00bb align=\u00a0\u00bbcenter\u00a0\u00bb css=\u00a0\u00bb\u00a0\u00bb custom_color=\u00a0\u00bb#0021C7&Prime;][vc_custom_heading text=\u00a0\u00bbBusinessBIKE\u00a0\u00bb font_container=\u00a0\u00bbtag:h2|text_align:center|color:%230021C7&Prime; use_theme_fonts=\u00a0\u00bbyes\u00a0\u00bb css=\u00a0\u00bb\u00a0\u00bb][vc_column_text css=\u00a0\u00bb\u00a0\u00bb] Donnez \u00e0 vos employ\u00e9s la libert\u00e9 de se d\u00e9placer [&hellip;]\" \/>\n<meta property=\"og:url\" content=\"https:\/\/www.nextbike.be\/vlaamserand\/fr\/b2b\/\" \/>\n<meta property=\"og:site_name\" content=\"nextbike Vlaamserand\" \/>\n<meta property=\"article:modified_time\" content=\"2026-03-13T09:44:47+00:00\" \/>\n<meta name=\"twitter:card\" content=\"summary_large_image\" \/>\n<meta name=\"twitter:label1\" content=\"Dur\u00e9e de lecture estim\u00e9e\" \/>\n\t<meta name=\"twitter:data1\" content=\"2 minutes\" \/>\n<script type=\"application\/ld+json\" class=\"yoast-schema-graph\">{\"@context\":\"https:\/\/schema.org\",\"@graph\":[{\"@type\":\"WebPage\",\"@id\":\"https:\/\/www.nextbike.be\/vlaamserand\/fr\/b2b\/\",\"url\":\"https:\/\/www.nextbike.be\/vlaamserand\/fr\/b2b\/\",\"name\":\"BusinessBike - nextbike Vlaamserand\",\"isPartOf\":{\"@id\":\"https:\/\/www.nextbike.be\/vlaamserand\/fr\/#website\"},\"datePublished\":\"2026-02-06T12:27:45+00:00\",\"dateModified\":\"2026-03-13T09:44:47+00:00\",\"breadcrumb\":{\"@id\":\"https:\/\/www.nextbike.be\/vlaamserand\/fr\/b2b\/#breadcrumb\"},\"inLanguage\":\"fr-FR\",\"potentialAction\":[{\"@type\":\"ReadAction\",\"target\":[\"https:\/\/www.nextbike.be\/vlaamserand\/fr\/b2b\/\"]}]},{\"@type\":\"BreadcrumbList\",\"@id\":\"https:\/\/www.nextbike.be\/vlaamserand\/fr\/b2b\/#breadcrumb\",\"itemListElement\":[{\"@type\":\"ListItem\",\"position\":1,\"name\":\"Startseite\",\"item\":\"https:\/\/www.nextbike.be\/vlaamserand\/fr\/\"},{\"@type\":\"ListItem\",\"position\":2,\"name\":\"BusinessBike\"}]},{\"@type\":\"WebSite\",\"@id\":\"https:\/\/www.nextbike.be\/vlaamserand\/fr\/#website\",\"url\":\"https:\/\/www.nextbike.be\/vlaamserand\/fr\/\",\"name\":\"nextbike Vlaamserand\",\"description\":\"Bike Sharing by nextbike\",\"potentialAction\":[{\"@type\":\"SearchAction\",\"target\":{\"@type\":\"EntryPoint\",\"urlTemplate\":\"https:\/\/www.nextbike.be\/vlaamserand\/fr\/?s={search_term_string}\"},\"query-input\":{\"@type\":\"PropertyValueSpecification\",\"valueRequired\":true,\"valueName\":\"search_term_string\"}}],\"inLanguage\":\"fr-FR\"}]}<\/script>\n<!-- \/ Yoast SEO plugin. -->","yoast_head_json":{"title":"BusinessBike - nextbike Vlaamserand","robots":{"index":"index","follow":"follow","max-snippet":"max-snippet:-1","max-image-preview":"max-image-preview:large","max-video-preview":"max-video-preview:-1"},"canonical":"https:\/\/www.nextbike.be\/vlaamserand\/fr\/b2b\/","og_locale":"fr_FR","og_type":"article","og_title":"BusinessBike - nextbike Vlaamserand","og_description":"[vc_row ppi_row_padding=\u00a0\u00bbppi_remove_padding_bottom\u00a0\u00bb content_placement=\u00a0\u00bbmiddle\u00a0\u00bb][vc_column width=\u00a0\u00bb1\/2&Prime;][vc_single_image image=\u00a0\u00bb660&Prime; img_size=\u00a0\u00bblarge\u00a0\u00bb alignment=\u00a0\u00bbcenter\u00a0\u00bb css=\u00a0\u00bb\u00a0\u00bb][\/vc_column][vc_column width=\u00a0\u00bb1\/2&Prime;][vc_custom_heading text=\u00a0\u00bbOpportunit\u00e9s B2B chez nextbike P\u00e9riph\u00e9rie flamande\u00a0\u00bb font_container=\u00a0\u00bbtag:h1|font_size:50px|text_align:center|color:%23000000&Prime; use_theme_fonts=\u00a0\u00bbyes\u00a0\u00bb css=\u00a0\u00bb\u00a0\u00bb][vc_empty_space][vc_column_text css=\u00a0\u00bb\u00a0\u00bb] Pour personnaliser vos solutions B2B, veuillez contacter Joeri de Visser \u00e0 l&rsquo;adresse joeri.devisser@nextbike.com. [\/vc_column_text][\/vc_column][\/vc_row][vc_row][vc_column width=\u00a0\u00bb1\/2&Prime;][vc_icon icon_fontawesome=\u00a0\u00bbfa fa-solid fa-building-user\u00a0\u00bb color=\u00a0\u00bbcustom\u00a0\u00bb align=\u00a0\u00bbcenter\u00a0\u00bb css=\u00a0\u00bb\u00a0\u00bb custom_color=\u00a0\u00bb#0021C7&Prime;][vc_custom_heading text=\u00a0\u00bbBusinessBIKE\u00a0\u00bb font_container=\u00a0\u00bbtag:h2|text_align:center|color:%230021C7&Prime; use_theme_fonts=\u00a0\u00bbyes\u00a0\u00bb css=\u00a0\u00bb\u00a0\u00bb][vc_column_text css=\u00a0\u00bb\u00a0\u00bb] Donnez \u00e0 vos employ\u00e9s la libert\u00e9 de se d\u00e9placer [&hellip;]","og_url":"https:\/\/www.nextbike.be\/vlaamserand\/fr\/b2b\/","og_site_name":"nextbike Vlaamserand","article_modified_time":"2026-03-13T09:44:47+00:00","twitter_card":"summary_large_image","twitter_misc":{"Dur\u00e9e de lecture estim\u00e9e":"2 minutes"},"schema":{"@context":"https:\/\/schema.org","@graph":[{"@type":"WebPage","@id":"https:\/\/www.nextbike.be\/vlaamserand\/fr\/b2b\/","url":"https:\/\/www.nextbike.be\/vlaamserand\/fr\/b2b\/","name":"BusinessBike - nextbike Vlaamserand","isPartOf":{"@id":"https:\/\/www.nextbike.be\/vlaamserand\/fr\/#website"},"datePublished":"2026-02-06T12:27:45+00:00","dateModified":"2026-03-13T09:44:47+00:00","breadcrumb":{"@id":"https:\/\/www.nextbike.be\/vlaamserand\/fr\/b2b\/#breadcrumb"},"inLanguage":"fr-FR","potentialAction":[{"@type":"ReadAction","target":["https:\/\/www.nextbike.be\/vlaamserand\/fr\/b2b\/"]}]},{"@type":"BreadcrumbList","@id":"https:\/\/www.nextbike.be\/vlaamserand\/fr\/b2b\/#breadcrumb","itemListElement":[{"@type":"ListItem","position":1,"name":"Startseite","item":"https:\/\/www.nextbike.be\/vlaamserand\/fr\/"},{"@type":"ListItem","position":2,"name":"BusinessBike"}]},{"@type":"WebSite","@id":"https:\/\/www.nextbike.be\/vlaamserand\/fr\/#website","url":"https:\/\/www.nextbike.be\/vlaamserand\/fr\/","name":"nextbike Vlaamserand","description":"Bike Sharing by nextbike","potentialAction":[{"@type":"SearchAction","target":{"@type":"EntryPoint","urlTemplate":"https:\/\/www.nextbike.be\/vlaamserand\/fr\/?s={search_term_string}"},"query-input":{"@type":"PropertyValueSpecification","valueRequired":true,"valueName":"search_term_string"}}],"inLanguage":"fr-FR"}]}},"_links":{"self":[{"href":"https:\/\/www.nextbike.be\/vlaamserand\/fr\/wp-json\/wp\/v2\/pages\/711","targetHints":{"allow":["GET"]}}],"collection":[{"href":"https:\/\/www.nextbike.be\/vlaamserand\/fr\/wp-json\/wp\/v2\/pages"}],"about":[{"href":"https:\/\/www.nextbike.be\/vlaamserand\/fr\/wp-json\/wp\/v2\/types\/page"}],"author":[{"embeddable":true,"href":"https:\/\/www.nextbike.be\/vlaamserand\/fr\/wp-json\/wp\/v2\/users\/54"}],"replies":[{"embeddable":true,"href":"https:\/\/www.nextbike.be\/vlaamserand\/fr\/wp-json\/wp\/v2\/comments?post=711"}],"version-history":[{"count":6,"href":"https:\/\/www.nextbike.be\/vlaamserand\/fr\/wp-json\/wp\/v2\/pages\/711\/revisions"}],"predecessor-version":[{"id":737,"href":"https:\/\/www.nextbike.be\/vlaamserand\/fr\/wp-json\/wp\/v2\/pages\/711\/revisions\/737"}],"wp:attachment":[{"href":"https:\/\/www.nextbike.be\/vlaamserand\/fr\/wp-json\/wp\/v2\/media?parent=711"}],"curies":[{"name":"wp","href":"https:\/\/api.w.org\/{rel}","templated":true}]}}