{"id":133,"date":"2022-08-11T12:14:05","date_gmt":"2022-08-11T10:14:05","guid":{"rendered":"https:\/\/nextbike-live.pluspol-networks.de\/hoppinfiets\/datenschutz\/"},"modified":"2024-12-04T14:28:08","modified_gmt":"2024-12-04T13:28:08","slug":"confidentialite","status":"publish","type":"page","link":"https:\/\/www.nextbike.be\/vlaamserand\/fr\/confidentialite\/","title":{"rendered":"Confidentialit\u00e9"},"content":{"rendered":"<div class=\"wpb-content-wrapper\"><p>[vc_row][vc_column][vc_column_text]<div class=\"ppi_privacy ppi_content\"><h1>Confidentialit\u00e9<\/h1>\n<p>Nom et adresse de la personne responsable:<\/p>\n<p>La personne responsable au sens du r\u00e8glement de base sur la protection des donn\u00e9es et des autres lois nationales sur la protection des donn\u00e9es des \u00c9tats membres ainsi que des autres dispositions relatives \u00e0 la protection des donn\u00e9es est:<\/p>\n<p>nextbike Belgium<br \/>\nTorhoutsesteenweg 246<br \/>\n8200 Brugge<\/p>\n<p>Nous prenons tr\u00e8s au s\u00e9rieux la protection de vos donn\u00e9es personnelles et les traitons de mani\u00e8re confidentielle et conform\u00e9ment aux dispositions l\u00e9gales en mati\u00e8re de protection des donn\u00e9es et \u00e0 la pr\u00e9sente d\u00e9claration de protection des donn\u00e9es.<\/p>\n<p>L\u2019utilisation de nos pages web est possible sans fournir de donn\u00e9es personnelles. Dans la mesure o\u00f9 des donn\u00e9es personnelles (par exemple le nom, l\u2019adresse ou l\u2019adresse \u00e9lectronique) sont recueillies sur nos pages, ceci a lieu, dans la mesure du possible, toujours sur une base volontaire. Ces donn\u00e9es ne seront pas transmises \u00e0 des tiers sans votre consentement explicite.<\/p>\n<p>Les dispositions suivantes vous informent \u00e0 cet \u00e9gard sur le type, la port\u00e9e et la finalit\u00e9 de la collecte, de l\u2019utilisation et du traitement des donn\u00e9es personnelles par le prestataire.<\/p>\n<p>&nbsp;<\/p>\n<p><a class=\"borlabs-cookie-preference\" href=\"#\">D\u00e9finir des param\u00e8tres individuels de protection des donn\u00e9es.<\/a><\/p>\n<h4 class=\"ppi_download_headline\">D\u00e9claration de confidentialit\u00e9 Web<\/h4><div class=\"ppi_download_row ppi_row\"><div class=\"ppi_download_col ppi_col-md-6\"><p class=\"ppi_download_desc\">D\u00e9claration de confidentialit\u00e9 - Web (fran\u00e7ais)<\/p><a aria-label=\"Ouvre dans un nouvel onglet\" href=\"https:\/\/www.nextbike.be\/vlaamserand\/wp-content\/uploads\/sites\/99\/2025\/02\/2025-02-12_Privacy-Notice-WEBSITE_nextbike-BELGIUM_fr.pdf\" target=\"_blank\" class=\"ppi_download_link\"><strong>T\u00e9l\u00e9charger<\/strong><\/a><\/div><div class=\"ppi_download_col ppi_col-md-6\"><p class=\"ppi_download_desc\">D\u00e9claration de confidentialit\u00e9 Web - anglais (PDF)<\/p><a aria-label=\"Ouvre dans un nouvel onglet\" href=\"https:\/\/www.nextbike.be\/vlaamserand\/wp-content\/uploads\/sites\/99\/2025\/02\/2025-02-12_Privacy-Notice-WEBSITE_nextbike-BELGIUM_eng.pdf\" target=\"_blank\" class=\"ppi_download_link\"><strong>T\u00e9l\u00e9charger<\/strong><\/a><\/div><\/div><h4 class=\"ppi_download_headline\">D\u00e9claration de confidentialit\u00e9 App<\/h4><div class=\"ppi_download_row ppi_row\"><div class=\"ppi_download_col ppi_col-md-6\"><p class=\"ppi_download_desc\">D\u00e9claration de confidentialit\u00e9 - App (fran\u00e7ais)<\/p><a aria-label=\"Ouvre dans un nouvel onglet\" href=\"https:\/\/www.nextbike.be\/vlaamserand\/wp-content\/uploads\/sites\/99\/2025\/02\/2025-02-12_Privacy-Notice-APP_nextbike-BELGIUM_fr.pdf\" target=\"_blank\" class=\"ppi_download_link\"><strong>T\u00e9l\u00e9charger<\/strong><\/a><\/div><div class=\"ppi_download_col ppi_col-md-6\"><p class=\"ppi_download_desc\">D\u00e9claration de confidentialit\u00e9 App - anglais (PDF)<\/p><a aria-label=\"Ouvre dans un nouvel onglet\" href=\"https:\/\/www.nextbike.be\/vlaamserand\/wp-content\/uploads\/sites\/99\/2025\/02\/2025-02-12_Privacy-Notice-APP_nextbike-BELGIUM_eng.pdf\" target=\"_blank\" class=\"ppi_download_link\"><strong>T\u00e9l\u00e9charger<\/strong><\/a><\/div><\/div><\/div>[\/vc_column_text][\/vc_column][\/vc_row]<\/p>\n<\/div>","protected":false},"excerpt":{"rendered":"<p>[vc_row][vc_column][vc_column_text][\/vc_column_text][\/vc_column][\/vc_row]<\/p>\n","protected":false},"author":5,"featured_media":0,"parent":0,"menu_order":0,"comment_status":"closed","ping_status":"closed","template":"page-bubble.php","meta":{"_acf_changed":false,"inline_featured_image":false,"footnotes":""},"class_list":["post-133","page","type-page","status-publish","hentry"],"acf":[],"yoast_head":"<!-- This site is optimized with the Yoast SEO plugin v27.2 - https:\/\/yoast.com\/product\/yoast-seo-wordpress\/ -->\n<title>Confidentialit\u00e9 - nextbike Vlaamserand<\/title>\n<meta name=\"robots\" content=\"index, follow, max-snippet:-1, max-image-preview:large, max-video-preview:-1\" \/>\n<link rel=\"canonical\" href=\"https:\/\/www.nextbike.be\/vlaamserand\/fr\/confidentialite\/\" \/>\n<meta property=\"og:locale\" content=\"fr_FR\" \/>\n<meta property=\"og:type\" content=\"article\" \/>\n<meta property=\"og:title\" content=\"Confidentialit\u00e9 - nextbike Vlaamserand\" \/>\n<meta property=\"og:description\" content=\"[vc_row][vc_column][vc_column_text][\/vc_column_text][\/vc_column][\/vc_row]\" \/>\n<meta property=\"og:url\" content=\"https:\/\/www.nextbike.be\/vlaamserand\/fr\/confidentialite\/\" \/>\n<meta property=\"og:site_name\" content=\"nextbike Vlaamserand\" \/>\n<meta property=\"article:modified_time\" content=\"2024-12-04T13:28:08+00:00\" \/>\n<meta name=\"twitter:card\" content=\"summary_large_image\" \/>\n<script type=\"application\/ld+json\" class=\"yoast-schema-graph\">{\"@context\":\"https:\/\/schema.org\",\"@graph\":[{\"@type\":\"WebPage\",\"@id\":\"https:\/\/www.nextbike.be\/vlaamserand\/fr\/confidentialite\/\",\"url\":\"https:\/\/www.nextbike.be\/vlaamserand\/fr\/confidentialite\/\",\"name\":\"Confidentialit\u00e9 - nextbike Vlaamserand\",\"isPartOf\":{\"@id\":\"https:\/\/www.nextbike.be\/vlaamserand\/fr\/#website\"},\"datePublished\":\"2022-08-11T10:14:05+00:00\",\"dateModified\":\"2024-12-04T13:28:08+00:00\",\"breadcrumb\":{\"@id\":\"https:\/\/www.nextbike.be\/vlaamserand\/fr\/confidentialite\/#breadcrumb\"},\"inLanguage\":\"fr-FR\",\"potentialAction\":[{\"@type\":\"ReadAction\",\"target\":[\"https:\/\/www.nextbike.be\/vlaamserand\/fr\/confidentialite\/\"]}]},{\"@type\":\"BreadcrumbList\",\"@id\":\"https:\/\/www.nextbike.be\/vlaamserand\/fr\/confidentialite\/#breadcrumb\",\"itemListElement\":[{\"@type\":\"ListItem\",\"position\":1,\"name\":\"Startseite\",\"item\":\"https:\/\/www.nextbike.be\/vlaamserand\/fr\/\"},{\"@type\":\"ListItem\",\"position\":2,\"name\":\"Confidentialit\u00e9\"}]},{\"@type\":\"WebSite\",\"@id\":\"https:\/\/www.nextbike.be\/vlaamserand\/fr\/#website\",\"url\":\"https:\/\/www.nextbike.be\/vlaamserand\/fr\/\",\"name\":\"nextbike Vlaamserand\",\"description\":\"Bike Sharing by nextbike\",\"potentialAction\":[{\"@type\":\"SearchAction\",\"target\":{\"@type\":\"EntryPoint\",\"urlTemplate\":\"https:\/\/www.nextbike.be\/vlaamserand\/fr\/?s={search_term_string}\"},\"query-input\":{\"@type\":\"PropertyValueSpecification\",\"valueRequired\":true,\"valueName\":\"search_term_string\"}}],\"inLanguage\":\"fr-FR\"}]}<\/script>\n<!-- \/ Yoast SEO plugin. -->","yoast_head_json":{"title":"Confidentialit\u00e9 - nextbike Vlaamserand","robots":{"index":"index","follow":"follow","max-snippet":"max-snippet:-1","max-image-preview":"max-image-preview:large","max-video-preview":"max-video-preview:-1"},"canonical":"https:\/\/www.nextbike.be\/vlaamserand\/fr\/confidentialite\/","og_locale":"fr_FR","og_type":"article","og_title":"Confidentialit\u00e9 - nextbike Vlaamserand","og_description":"[vc_row][vc_column][vc_column_text][\/vc_column_text][\/vc_column][\/vc_row]","og_url":"https:\/\/www.nextbike.be\/vlaamserand\/fr\/confidentialite\/","og_site_name":"nextbike Vlaamserand","article_modified_time":"2024-12-04T13:28:08+00:00","twitter_card":"summary_large_image","schema":{"@context":"https:\/\/schema.org","@graph":[{"@type":"WebPage","@id":"https:\/\/www.nextbike.be\/vlaamserand\/fr\/confidentialite\/","url":"https:\/\/www.nextbike.be\/vlaamserand\/fr\/confidentialite\/","name":"Confidentialit\u00e9 - nextbike Vlaamserand","isPartOf":{"@id":"https:\/\/www.nextbike.be\/vlaamserand\/fr\/#website"},"datePublished":"2022-08-11T10:14:05+00:00","dateModified":"2024-12-04T13:28:08+00:00","breadcrumb":{"@id":"https:\/\/www.nextbike.be\/vlaamserand\/fr\/confidentialite\/#breadcrumb"},"inLanguage":"fr-FR","potentialAction":[{"@type":"ReadAction","target":["https:\/\/www.nextbike.be\/vlaamserand\/fr\/confidentialite\/"]}]},{"@type":"BreadcrumbList","@id":"https:\/\/www.nextbike.be\/vlaamserand\/fr\/confidentialite\/#breadcrumb","itemListElement":[{"@type":"ListItem","position":1,"name":"Startseite","item":"https:\/\/www.nextbike.be\/vlaamserand\/fr\/"},{"@type":"ListItem","position":2,"name":"Confidentialit\u00e9"}]},{"@type":"WebSite","@id":"https:\/\/www.nextbike.be\/vlaamserand\/fr\/#website","url":"https:\/\/www.nextbike.be\/vlaamserand\/fr\/","name":"nextbike Vlaamserand","description":"Bike Sharing by nextbike","potentialAction":[{"@type":"SearchAction","target":{"@type":"EntryPoint","urlTemplate":"https:\/\/www.nextbike.be\/vlaamserand\/fr\/?s={search_term_string}"},"query-input":{"@type":"PropertyValueSpecification","valueRequired":true,"valueName":"search_term_string"}}],"inLanguage":"fr-FR"}]}},"_links":{"self":[{"href":"https:\/\/www.nextbike.be\/vlaamserand\/fr\/wp-json\/wp\/v2\/pages\/133","targetHints":{"allow":["GET"]}}],"collection":[{"href":"https:\/\/www.nextbike.be\/vlaamserand\/fr\/wp-json\/wp\/v2\/pages"}],"about":[{"href":"https:\/\/www.nextbike.be\/vlaamserand\/fr\/wp-json\/wp\/v2\/types\/page"}],"author":[{"embeddable":true,"href":"https:\/\/www.nextbike.be\/vlaamserand\/fr\/wp-json\/wp\/v2\/users\/5"}],"replies":[{"embeddable":true,"href":"https:\/\/www.nextbike.be\/vlaamserand\/fr\/wp-json\/wp\/v2\/comments?post=133"}],"version-history":[{"count":4,"href":"https:\/\/www.nextbike.be\/vlaamserand\/fr\/wp-json\/wp\/v2\/pages\/133\/revisions"}],"predecessor-version":[{"id":408,"href":"https:\/\/www.nextbike.be\/vlaamserand\/fr\/wp-json\/wp\/v2\/pages\/133\/revisions\/408"}],"wp:attachment":[{"href":"https:\/\/www.nextbike.be\/vlaamserand\/fr\/wp-json\/wp\/v2\/media?parent=133"}],"curies":[{"name":"wp","href":"https:\/\/api.w.org\/{rel}","templated":true}]}}